{"id":131,"date":"2024-04-01T15:21:23","date_gmt":"2024-04-01T15:21:23","guid":{"rendered":"https:\/\/colegiocristorey.co\/?page_id=131"},"modified":"2024-04-01T15:32:57","modified_gmt":"2024-04-01T15:32:57","slug":"que-ofrecemos","status":"publish","type":"page","link":"https:\/\/colegiocristorey.co\/index.php\/que-ofrecemos\/","title":{"rendered":"Que Ofrecemos"},"content":{"rendered":"<p>[et_pb_section fb_built=&#8221;1&#8243; fullwidth=&#8221;on&#8221; _builder_version=&#8221;4.24.0&#8243; _module_preset=&#8221;default&#8221; sticky_position=&#8221;top&#8221; global_colors_info=&#8221;{}&#8221; locked=&#8221;off&#8221;][et_pb_fullwidth_menu submenu_direction=&#8221;downwards&#8221; fullwidth_menu=&#8221;off&#8221; logo=&#8221;https:\/\/colegiocristorey.co\/wp-content\/uploads\/2024\/04\/Colegio-Crisato-Rey-del-sur-logo-horizontal.webp&#8221; logo_width=&#8221;45%&#8221; admin_label=&#8221;Men\u00fa Principal&#8221; _builder_version=&#8221;4.24.0&#8243; _module_preset=&#8221;default&#8221; menu_font=&#8221;Montserrat|600|||||||&#8221; text_orientation=&#8221;center&#8221; module_alignment=&#8221;center&#8221; custom_padding=&#8221;10px||10px||false|false&#8221; global_colors_info=&#8221;{}&#8221;][\/et_pb_fullwidth_menu][\/et_pb_section][et_pb_section fb_built=&#8221;1&#8243; _builder_version=&#8221;4.24.0&#8243; _module_preset=&#8221;default&#8221; global_colors_info=&#8221;{}&#8221;][et_pb_row _builder_version=&#8221;4.24.0&#8243; _module_preset=&#8221;default&#8221; global_colors_info=&#8221;{}&#8221;][et_pb_column type=&#8221;4_4&#8243; _builder_version=&#8221;4.24.0&#8243; _module_preset=&#8221;default&#8221; global_colors_info=&#8221;{}&#8221;][et_pb_blurb title=&#8221;Pronto estaremos en l\u00ednea&#8221; image=&#8221;https:\/\/colegiocristorey.co\/wp-content\/uploads\/2024\/04\/img-building.webp&#8221; alt=&#8221;Colegio Cristo Rey del Sur&#8221; _builder_version=&#8221;4.24.0&#8243; _module_preset=&#8221;default&#8221; header_font=&#8221;Montserrat|700|||||||&#8221; body_font=&#8221;Montserrat|600|||||||&#8221; body_font_size=&#8221;16px&#8221; text_orientation=&#8221;center&#8221; locked=&#8221;off&#8221; global_colors_info=&#8221;{}&#8221;]<\/p>\n<p style=\"text-align: center;\">Estamos puliendo los \u00faltimos detalles de nuestro sitio, pronto podr\u00e1n descubrir todas las experiencias emocionantes que tenemos planeadas para este a\u00f1o.<\/p>\n<p style=\"text-align: center;\">Les invitamos a mantener la expectativa y revisar nuestro sitio regularmente; estamos trabajando arduamente para terminarlo lo m\u00e1s pronto posible.<\/p>\n<p>[\/et_pb_blurb][\/et_pb_column][\/et_pb_row][\/et_pb_section]<\/p>\n","protected":false},"excerpt":{"rendered":"<p>Estamos puliendo los \u00faltimos detalles de nuestro sitio, pronto podr\u00e1n descubrir todas las experiencias emocionantes que tenemos planeadas para este a\u00f1o. Les invitamos a mantener la expectativa y revisar nuestro sitio regularmente; estamos trabajando arduamente para terminarlo lo m\u00e1s pronto posible.<\/p>\n","protected":false},"author":1,"featured_media":0,"parent":0,"menu_order":0,"comment_status":"closed","ping_status":"closed","template":"","meta":{"_et_pb_use_builder":"on","_et_pb_old_content":"","_et_gb_content_width":"","_joinchat":[],"footnotes":""},"class_list":["post-131","page","type-page","status-publish","hentry"],"_links":{"self":[{"href":"https:\/\/colegiocristorey.co\/index.php\/wp-json\/wp\/v2\/pages\/131","targetHints":{"allow":["GET"]}}],"collection":[{"href":"https:\/\/colegiocristorey.co\/index.php\/wp-json\/wp\/v2\/pages"}],"about":[{"href":"https:\/\/colegiocristorey.co\/index.php\/wp-json\/wp\/v2\/types\/page"}],"author":[{"embeddable":true,"href":"https:\/\/colegiocristorey.co\/index.php\/wp-json\/wp\/v2\/users\/1"}],"replies":[{"embeddable":true,"href":"https:\/\/colegiocristorey.co\/index.php\/wp-json\/wp\/v2\/comments?post=131"}],"version-history":[{"count":3,"href":"https:\/\/colegiocristorey.co\/index.php\/wp-json\/wp\/v2\/pages\/131\/revisions"}],"predecessor-version":[{"id":155,"href":"https:\/\/colegiocristorey.co\/index.php\/wp-json\/wp\/v2\/pages\/131\/revisions\/155"}],"wp:attachment":[{"href":"https:\/\/colegiocristorey.co\/index.php\/wp-json\/wp\/v2\/media?parent=131"}],"curies":[{"name":"wp","href":"https:\/\/api.w.org\/{rel}","templated":true}]}}